{"id":10,"date":"2024-04-28T17:11:57","date_gmt":"2024-04-28T17:11:57","guid":{"rendered":"https:\/\/carreraaep.ebone.es\/?page_id=10"},"modified":"2024-05-22T12:01:51","modified_gmt":"2024-05-22T12:01:51","slug":"carrera-asociacion-espanola-pediatria-2024","status":"publish","type":"page","link":"https:\/\/carreraaep.ebone.es\/","title":{"rendered":"Carrera Asociaci\u00f3n Espa\u00f1ola Pediatr\u00eda 2024"},"content":{"rendered":"\t\t<div data-elementor-type=\"wp-page\" data-elementor-id=\"10\" class=\"elementor elementor-10\">\n\t\t\t\t<div class=\"elementor-element elementor-element-0253ccb e-flex e-con-boxed e-con e-parent\" data-id=\"0253ccb\" data-element_type=\"container\" data-settings=\"{&quot;background_background&quot;:&quot;classic&quot;,&quot;shape_divider_bottom&quot;:&quot;waves&quot;}\">\n\t\t\t\t\t<div class=\"e-con-inner\">\n\t\t\t\t<div class=\"elementor-shape elementor-shape-bottom\" data-negative=\"false\">\n\t\t\t<svg xmlns=\"http:\/\/www.w3.org\/2000\/svg\" viewBox=\"0 0 1000 100\" preserveAspectRatio=\"none\">\n\t<path class=\"elementor-shape-fill\" d=\"M421.9,6.5c22.6-2.5,51.5,0.4,75.5,5.3c23.6,4.9,70.9,23.5,100.5,35.7c75.8,32.2,133.7,44.5,192.6,49.7\n\tc23.6,2.1,48.7,3.5,103.4-2.5c54.7-6,106.2-25.6,106.2-25.6V0H0v30.3c0,0,72,32.6,158.4,30.5c39.2-0.7,92.8-6.7,134-22.4\n\tc21.2-8.1,52.2-18.2,79.7-24.2C399.3,7.9,411.6,7.5,421.9,6.5z\"\/>\n<\/svg>\t\t<\/div>\n\t\t\t\t<div class=\"elementor-element elementor-element-4355e19 elementor-widget elementor-widget-heading\" data-id=\"4355e19\" data-element_type=\"widget\" data-widget_type=\"heading.default\">\n\t\t\t\t<div class=\"elementor-widget-container\">\n\t\t\t<style>\/*! elementor - v3.21.0 - 25-04-2024 *\/\n.elementor-heading-title{padding:0;margin:0;line-height:1}.elementor-widget-heading .elementor-heading-title[class*=elementor-size-]>a{color:inherit;font-size:inherit;line-height:inherit}.elementor-widget-heading .elementor-heading-title.elementor-size-small{font-size:15px}.elementor-widget-heading .elementor-heading-title.elementor-size-medium{font-size:19px}.elementor-widget-heading .elementor-heading-title.elementor-size-large{font-size:29px}.elementor-widget-heading .elementor-heading-title.elementor-size-xl{font-size:39px}.elementor-widget-heading .elementor-heading-title.elementor-size-xxl{font-size:59px}<\/style><h2 class=\"elementor-heading-title elementor-size-default\">IV Carrera Asociaci\u00f3n Espa\u00f1ola de Pediatr\u00eda<\/h2>\t\t<\/div>\n\t\t\t\t<\/div>\n\t\t\t\t<div class=\"elementor-element elementor-element-705a7a1 elementor-widget elementor-widget-image\" data-id=\"705a7a1\" data-element_type=\"widget\" data-widget_type=\"image.default\">\n\t\t\t\t<div class=\"elementor-widget-container\">\n\t\t\t<style>\/*! elementor - v3.21.0 - 25-04-2024 *\/\n.elementor-widget-image{text-align:center}.elementor-widget-image a{display:inline-block}.elementor-widget-image a img[src$=\".svg\"]{width:48px}.elementor-widget-image img{vertical-align:middle;display:inline-block}<\/style>\t\t\t\t\t\t\t\t\t\t<img fetchpriority=\"high\" decoding=\"async\" width=\"1024\" height=\"445\" src=\"https:\/\/carreraaep.ebone.es\/wp-content\/uploads\/2024\/04\/Grafica-Carrera-70-Congreso-AEP_v2-Negativo-e1715581195786-1024x445.png\" class=\"attachment-large size-large wp-image-60\" alt=\"\" srcset=\"https:\/\/carreraaep.ebone.es\/wp-content\/uploads\/2024\/04\/Grafica-Carrera-70-Congreso-AEP_v2-Negativo-e1715581195786-1024x445.png 1024w, https:\/\/carreraaep.ebone.es\/wp-content\/uploads\/2024\/04\/Grafica-Carrera-70-Congreso-AEP_v2-Negativo-e1715581195786-300x130.png 300w, https:\/\/carreraaep.ebone.es\/wp-content\/uploads\/2024\/04\/Grafica-Carrera-70-Congreso-AEP_v2-Negativo-e1715581195786-768x334.png 768w, https:\/\/carreraaep.ebone.es\/wp-content\/uploads\/2024\/04\/Grafica-Carrera-70-Congreso-AEP_v2-Negativo-e1715581195786-1536x668.png 1536w, https:\/\/carreraaep.ebone.es\/wp-content\/uploads\/2024\/04\/Grafica-Carrera-70-Congreso-AEP_v2-Negativo-e1715581195786-2048x890.png 2048w\" sizes=\"(max-width: 1024px) 100vw, 1024px\" \/>\t\t\t\t\t\t\t\t\t\t\t\t\t<\/div>\n\t\t\t\t<\/div>\n\t\t\t\t<div class=\"elementor-element elementor-element-67ee7e6 elementor-widget elementor-widget-image\" data-id=\"67ee7e6\" data-element_type=\"widget\" data-widget_type=\"image.default\">\n\t\t\t\t<div class=\"elementor-widget-container\">\n\t\t\t\t\t\t\t\t\t\t\t\t\t<img decoding=\"async\" width=\"1024\" height=\"151\" src=\"https:\/\/carreraaep.ebone.es\/wp-content\/uploads\/2024\/05\/LOGOS-AEP-1024x151.png\" class=\"attachment-large size-large wp-image-85\" alt=\"\" srcset=\"https:\/\/carreraaep.ebone.es\/wp-content\/uploads\/2024\/05\/LOGOS-AEP-1024x151.png 1024w, https:\/\/carreraaep.ebone.es\/wp-content\/uploads\/2024\/05\/LOGOS-AEP-300x44.png 300w, https:\/\/carreraaep.ebone.es\/wp-content\/uploads\/2024\/05\/LOGOS-AEP.png 1058w\" sizes=\"(max-width: 1024px) 100vw, 1024px\" \/>\t\t\t\t\t\t\t\t\t\t\t\t\t<\/div>\n\t\t\t\t<\/div>\n\t\t<div class=\"elementor-element elementor-element-dacfb37 e-flex e-con-boxed e-con e-child\" data-id=\"dacfb37\" data-element_type=\"container\">\n\t\t\t\t\t<div class=\"e-con-inner\">\n\t\t<div class=\"elementor-element elementor-element-3875cd9 e-flex e-con-boxed e-con e-child\" data-id=\"3875cd9\" data-element_type=\"container\">\n\t\t\t\t\t<div class=\"e-con-inner\">\n\t\t\t\t<div class=\"elementor-element elementor-element-da46ef4 elementor-widget elementor-widget-heading\" data-id=\"da46ef4\" data-element_type=\"widget\" data-widget_type=\"heading.default\">\n\t\t\t\t<div class=\"elementor-widget-container\">\n\t\t\t<h2 class=\"elementor-heading-title elementor-size-default\">Jueves, 6 de junio, 20:30h<\/h2>\t\t<\/div>\n\t\t\t\t<\/div>\n\t\t\t\t\t<\/div>\n\t\t\t\t<\/div>\n\t\t<div class=\"elementor-element elementor-element-045edc1 e-flex e-con-boxed e-con e-child\" data-id=\"045edc1\" data-element_type=\"container\">\n\t\t\t\t\t<div class=\"e-con-inner\">\n\t\t\t\t<div class=\"elementor-element elementor-element-d8d78db elementor-widget elementor-widget-heading\" data-id=\"d8d78db\" data-element_type=\"widget\" data-widget_type=\"heading.default\">\n\t\t\t\t<div class=\"elementor-widget-container\">\n\t\t\t<h2 class=\"elementor-heading-title elementor-size-default\">C\u00f3rdoba<\/h2>\t\t<\/div>\n\t\t\t\t<\/div>\n\t\t\t\t\t<\/div>\n\t\t\t\t<\/div>\n\t\t\t\t\t<\/div>\n\t\t\t\t<\/div>\n\t\t\t\t<div class=\"elementor-element elementor-element-bffcea8 elementor-align-justify elementor-widget elementor-widget-button\" data-id=\"bffcea8\" data-element_type=\"widget\" data-widget_type=\"button.default\">\n\t\t\t\t<div class=\"elementor-widget-container\">\n\t\t\t\t\t<div class=\"elementor-button-wrapper\">\n\t\t\t<a class=\"elementor-button elementor-button-link elementor-size-sm\" href=\"https:\/\/www.rockthesport.com\/es\/evento\/i-carrera-asociacion-espanola-de-pediatria\" target=\"_blank\">\n\t\t\t\t\t\t<span class=\"elementor-button-content-wrapper\">\n\t\t\t\t\t\t\t\t\t<span class=\"elementor-button-text\">Inscribirse<\/span>\n\t\t\t\t\t<\/span>\n\t\t\t\t\t<\/a>\n\t\t<\/div>\n\t\t\t\t<\/div>\n\t\t\t\t<\/div>\n\t\t<div class=\"elementor-element elementor-element-d0bb11e e-flex e-con-boxed e-con e-child\" data-id=\"d0bb11e\" data-element_type=\"container\">\n\t\t\t\t\t<div class=\"e-con-inner\">\n\t\t<div class=\"elementor-element elementor-element-dad3a52 e-flex e-con-boxed e-con e-child\" data-id=\"dad3a52\" data-element_type=\"container\">\n\t\t\t\t\t<div class=\"e-con-inner\">\n\t\t\t\t<div class=\"elementor-element elementor-element-39bc16f elementor-widget elementor-widget-heading\" data-id=\"39bc16f\" data-element_type=\"widget\" data-widget_type=\"heading.default\">\n\t\t\t\t<div class=\"elementor-widget-container\">\n\t\t\t<h2 class=\"elementor-heading-title elementor-size-default\">Recogida de dorsales y camiseta en la planta 0 del Centro de Exposiciones, ferias y convenciones de Cordoba, de 16h a 19h<\/h2>\t\t<\/div>\n\t\t\t\t<\/div>\n\t\t\t\t\t<\/div>\n\t\t\t\t<\/div>\n\t\t\t\t\t<\/div>\n\t\t\t\t<\/div>\n\t\t\t\t\t<\/div>\n\t\t\t\t<\/div>\n\t\t<div class=\"elementor-element elementor-element-65c917c e-flex e-con-boxed e-con e-parent\" data-id=\"65c917c\" data-element_type=\"container\">\n\t\t\t\t\t<div class=\"e-con-inner\">\n\t\t<div class=\"elementor-element elementor-element-0d31c6b e-con-full e-flex e-con e-child\" data-id=\"0d31c6b\" data-element_type=\"container\">\n\t\t\t\t<div class=\"elementor-element elementor-element-55f2f12 elementor-widget elementor-widget-heading\" data-id=\"55f2f12\" data-element_type=\"widget\" data-widget_type=\"heading.default\">\n\t\t\t\t<div class=\"elementor-widget-container\">\n\t\t\t<h2 class=\"elementor-heading-title elementor-size-default\">El recorrido<\/h2>\t\t<\/div>\n\t\t\t\t<\/div>\n\t\t<div class=\"elementor-element elementor-element-6a7763a e-flex e-con-boxed e-con e-child\" data-id=\"6a7763a\" data-element_type=\"container\" data-settings=\"{&quot;background_background&quot;:&quot;gradient&quot;}\">\n\t\t\t\t\t<div class=\"e-con-inner\">\n\t\t\t\t<div class=\"elementor-element elementor-element-fe33735 elementor-widget elementor-widget-image\" data-id=\"fe33735\" data-element_type=\"widget\" data-widget_type=\"image.default\">\n\t\t\t\t<div class=\"elementor-widget-container\">\n\t\t\t\t\t\t\t\t\t\t\t\t\t\t<a href=\"https:\/\/carreraaep.ebone.es\/wp-content\/uploads\/2024\/05\/Recorrido-Pediatria-2024.png\" data-elementor-open-lightbox=\"yes\" data-elementor-lightbox-title=\"Recorrido Pediatria 2024\" data-e-action-hash=\"#elementor-action%3Aaction%3Dlightbox%26settings%3DeyJpZCI6ODksInVybCI6Imh0dHBzOlwvXC9jYXJyZXJhYWVwLmVib25lLmVzXC93cC1jb250ZW50XC91cGxvYWRzXC8yMDI0XC8wNVwvUmVjb3JyaWRvLVBlZGlhdHJpYS0yMDI0LnBuZyJ9\">\n\t\t\t\t\t\t\t<img decoding=\"async\" width=\"1024\" height=\"329\" src=\"https:\/\/carreraaep.ebone.es\/wp-content\/uploads\/2024\/05\/Recorrido-Pediatria-2024-1024x329.png\" class=\"attachment-large size-large wp-image-89\" alt=\"\" srcset=\"https:\/\/carreraaep.ebone.es\/wp-content\/uploads\/2024\/05\/Recorrido-Pediatria-2024-1024x329.png 1024w, https:\/\/carreraaep.ebone.es\/wp-content\/uploads\/2024\/05\/Recorrido-Pediatria-2024-300x96.png 300w, https:\/\/carreraaep.ebone.es\/wp-content\/uploads\/2024\/05\/Recorrido-Pediatria-2024.png 1457w\" sizes=\"(max-width: 1024px) 100vw, 1024px\" \/>\t\t\t\t\t\t\t\t<\/a>\n\t\t\t\t\t\t\t\t\t\t\t\t\t<\/div>\n\t\t\t\t<\/div>\n\t\t\t\t\t<\/div>\n\t\t\t\t<\/div>\n\t\t\t\t<div class=\"elementor-element elementor-element-92c091b elementor-widget elementor-widget-heading\" data-id=\"92c091b\" data-element_type=\"widget\" data-widget_type=\"heading.default\">\n\t\t\t\t<div class=\"elementor-widget-container\">\n\t\t\t<h2 class=\"elementor-heading-title elementor-size-default\">Clic en la imagen para ampliar<\/h2>\t\t<\/div>\n\t\t\t\t<\/div>\n\t\t\t\t<\/div>\n\t\t<div class=\"elementor-element elementor-element-6876600 e-con-full e-flex e-con e-child\" data-id=\"6876600\" data-element_type=\"container\">\n\t\t\t\t<div class=\"elementor-element elementor-element-fd35a9c elementor-widget elementor-widget-heading\" data-id=\"fd35a9c\" data-element_type=\"widget\" data-widget_type=\"heading.default\">\n\t\t\t\t<div class=\"elementor-widget-container\">\n\t\t\t<h2 class=\"elementor-heading-title elementor-size-default\">Camiseta oficial<\/h2>\t\t<\/div>\n\t\t\t\t<\/div>\n\t\t\t\t<div class=\"elementor-element elementor-element-3d2ac9f elementor-widget elementor-widget-image\" data-id=\"3d2ac9f\" data-element_type=\"widget\" data-widget_type=\"image.default\">\n\t\t\t\t<div class=\"elementor-widget-container\">\n\t\t\t\t\t\t\t\t\t\t\t\t\t<img loading=\"lazy\" decoding=\"async\" width=\"1024\" height=\"1022\" src=\"https:\/\/carreraaep.ebone.es\/wp-content\/uploads\/2024\/04\/Camiseta-AEO-2024-web-1024x1022.jpg\" class=\"attachment-large size-large wp-image-53\" alt=\"\" srcset=\"https:\/\/carreraaep.ebone.es\/wp-content\/uploads\/2024\/04\/Camiseta-AEO-2024-web-1024x1022.jpg 1024w, https:\/\/carreraaep.ebone.es\/wp-content\/uploads\/2024\/04\/Camiseta-AEO-2024-web-300x300.jpg 300w, https:\/\/carreraaep.ebone.es\/wp-content\/uploads\/2024\/04\/Camiseta-AEO-2024-web-150x150.jpg 150w, https:\/\/carreraaep.ebone.es\/wp-content\/uploads\/2024\/04\/Camiseta-AEO-2024-web.jpg 1200w\" sizes=\"(max-width: 1024px) 100vw, 1024px\" \/>\t\t\t\t\t\t\t\t\t\t\t\t\t<\/div>\n\t\t\t\t<\/div>\n\t\t\t\t<\/div>\n\t\t\t\t\t<\/div>\n\t\t\t\t<\/div>\n\t\t<div class=\"elementor-element elementor-element-951118b e-flex e-con-boxed e-con e-parent\" data-id=\"951118b\" data-element_type=\"container\">\n\t\t\t\t\t<div class=\"e-con-inner\">\n\t\t\t\t<div class=\"elementor-element elementor-element-d72bd0e elementor-widget elementor-widget-image\" data-id=\"d72bd0e\" data-element_type=\"widget\" data-widget_type=\"image.default\">\n\t\t\t\t<div class=\"elementor-widget-container\">\n\t\t\t\t\t\t\t\t\t\t\t\t\t<img loading=\"lazy\" decoding=\"async\" width=\"1024\" height=\"595\" src=\"https:\/\/carreraaep.ebone.es\/wp-content\/uploads\/2024\/04\/Grafica-Carrera-70-Congreso-AEP_v2-1024x595.png\" class=\"attachment-large size-large wp-image-61\" alt=\"\" srcset=\"https:\/\/carreraaep.ebone.es\/wp-content\/uploads\/2024\/04\/Grafica-Carrera-70-Congreso-AEP_v2-1024x595.png 1024w, https:\/\/carreraaep.ebone.es\/wp-content\/uploads\/2024\/04\/Grafica-Carrera-70-Congreso-AEP_v2-300x174.png 300w\" sizes=\"(max-width: 1024px) 100vw, 1024px\" \/>\t\t\t\t\t\t\t\t\t\t\t\t\t<\/div>\n\t\t\t\t<\/div>\n\t\t\t\t\t<\/div>\n\t\t\t\t<\/div>\n\t\t\t\t<\/div>\n\t\t","protected":false},"excerpt":{"rendered":"<p>IV Carrera Asociaci\u00f3n Espa\u00f1ola de Pediatr\u00eda Jueves, 6 de junio, 20:30h C\u00f3rdoba Inscribirse Recogida de dorsales y camiseta en la planta 0 del Centro de Exposiciones, ferias y convenciones de Cordoba, de 16h a 19h El recorrido Clic en la imagen para ampliar Camiseta oficial<\/p>\n","protected":false},"author":1,"featured_media":0,"parent":0,"menu_order":0,"comment_status":"closed","ping_status":"closed","template":"elementor_canvas","meta":{"footnotes":""},"class_list":["post-10","page","type-page","status-publish","hentry"],"_links":{"self":[{"href":"https:\/\/carreraaep.ebone.es\/index.php\/wp-json\/wp\/v2\/pages\/10","targetHints":{"allow":["GET"]}}],"collection":[{"href":"https:\/\/carreraaep.ebone.es\/index.php\/wp-json\/wp\/v2\/pages"}],"about":[{"href":"https:\/\/carreraaep.ebone.es\/index.php\/wp-json\/wp\/v2\/types\/page"}],"author":[{"embeddable":true,"href":"https:\/\/carreraaep.ebone.es\/index.php\/wp-json\/wp\/v2\/users\/1"}],"replies":[{"embeddable":true,"href":"https:\/\/carreraaep.ebone.es\/index.php\/wp-json\/wp\/v2\/comments?post=10"}],"version-history":[{"count":85,"href":"https:\/\/carreraaep.ebone.es\/index.php\/wp-json\/wp\/v2\/pages\/10\/revisions"}],"predecessor-version":[{"id":111,"href":"https:\/\/carreraaep.ebone.es\/index.php\/wp-json\/wp\/v2\/pages\/10\/revisions\/111"}],"wp:attachment":[{"href":"https:\/\/carreraaep.ebone.es\/index.php\/wp-json\/wp\/v2\/media?parent=10"}],"curies":[{"name":"wp","href":"https:\/\/api.w.org\/{rel}","templated":true}]}}